{"id":1996,"date":"2018-07-31T15:37:26","date_gmt":"2018-07-31T18:37:26","guid":{"rendered":"http:\/\/leggiteam.com\/privacy-policy\/"},"modified":"2018-10-01T16:26:09","modified_gmt":"2018-10-01T15:26:09","slug":"politica-de-privacidad","status":"publish","type":"page","link":"https:\/\/leggiteam.com\/es\/politica-de-privacidad\/","title":{"rendered":"Pol\u00edtica de privacidad"},"content":{"rendered":"<p>[vc_row css=\u00bb.vc_custom_1516291784413{margin-top: -250px !important;background-color: #ffffff !important;}\u00bb el_class=\u00bbbox_shadow_home\u00bb][vc_column]<div class=\"gap clearfix\" style=\"height: 10px;\"><\/div>[vc_column_text css_animation=\u00bbfadeIn\u00bb css=\u00bb.vc_custom_1538360104117{padding-right: 20px !important;padding-left: 20px !important;}\u00bb el_class=\u00bbfontsizepadrao\u00bb]<\/p>\n<h1><strong>POL\u00cdTICA DE PRIVACIDAD<\/strong><\/h1>\n<p>Para acceder a algunos de los servicios proporcionadas por LeggiTeam, el usuario podr\u00e1 recibir la solicitud de aportaci\u00f3n de informaci\u00f3n de car\u00e1cter personal. El tratamiento de tal informaci\u00f3n ser\u00e1 de car\u00e1cter arbitrario y el proceso de la misma se llevar\u00e1 a cabo respetando la normativa de protecci\u00f3n de datos all\u00ed donde sea aplicable.<\/p>\n<p><strong>Enlaces<br \/>\n<\/strong>Nuestra web puede contener enlaces de acceso a otras webs y recursos de terceros con fines meramente informativos. Leggiteam S.L.P. no se responsabiliza de los contenidos de esas webs o recursos de terceros.<\/p>\n<p><strong>Seguridad<br \/>\n<\/strong>Nuestra web utiliza t\u00e9cnicas de seguridad de la informaci\u00f3n generalmente aceptadas por la industria tales como, firewalls, procedimientos de control de acceso y mecanismos criptogr\u00e1ficos, todo ello para evitar el acceso no autorizado a los datos, posibles ataques de virus o de elementos de car\u00e1cter malicioso. La empresa Leggiteam, S.L.P. desestima cualquier tipo de responsabilidad por da\u00f1os que afecten a la informaci\u00f3n o los equipos inform\u00e1ticos de los usuarios que accedan a nuestra web.<\/p>\n<p><strong>Cookies<br \/>\n<\/strong>leggiteam.com utiliza cookies para perfeccionar su funcionamiento.<\/p>\n<p><strong>\u00bfQu\u00e9 son las cookies?<br \/>\n<\/strong>Una cookie es un fichero descargable en su equipo cuando el usuario accede a determinadas p\u00e1ginas web. Las cookies permiten a una p\u00e1gina web, entre otras cosas, almacenar, recabar y recuperar informaci\u00f3n sobre los h\u00e1bitos de navegaci\u00f3n de un usuario o de su equipo y, habitualmente de forma an\u00f3nima.<\/p>\n<p>La navegaci\u00f3n a trav\u00e9s de nuestra web y contenidos supone la aceptaci\u00f3n autom\u00e1tica de cookies.<\/p>\n<p><strong>\u00bfDe qu\u00e9 forma las utilizamos?<br \/>\n<\/strong>Utilizamos cookies en nuestra web por diversos motivos expuestos a continuaci\u00f3n. Lamentablemente, en la mayor\u00eda de los casos, no existe un patr\u00f3n est\u00e1ndar para deshabilitar las cookies sin comprometer el funcionamiento y los recursos que proporcionan a esta p\u00e1gina web. Se recomienda que mantenga la configuraci\u00f3n de su navegador de forma predeterminada si no est\u00e1 seguro de la necesidad del uso de cookies para proporcionar un servicio \u00f3ptimo de navegaci\u00f3n a trav\u00e9s de nuestra p\u00e1gina.<\/p>\n<p>Asimismo, algunos de los v\u00eddeos incluidos en esta web utilizan una cookie que recopila informaci\u00f3n estad\u00edstica acerca de la ruta de acceso a ese sitio y los v\u00eddeos que ha visitado.<\/p>\n<p>La aceptaci\u00f3n de cookies no es estrictamente necesaria para que el correcto funcionamiento del sitio web, pero le proporcionar\u00e1 una mejor experiencia de navegaci\u00f3n al permitir memorizar sus preferencias. Podr\u00e1 excluir o bloquear esas cookies pero, al hacerlo, algunos de los recursos de la p\u00e1gina web pueden no funcionar como es debido.<\/p>\n<p>Las cookies utilizadas por esta p\u00e1gina web se asocian \u00fanicamente con un usuario an\u00f3nimo y su ordenador, y no proporcionan, por s\u00ed mismas, datos personales del usuario. Estas cookies no ser\u00e1n utilizadas con otros fines que los descritos aqu\u00ed.<\/p>\n<p>Puede evitar la instalaci\u00f3n de cookies mediante los ajustes de configuraci\u00f3n de su navegador. Tenga en cuenta que, deshabilitar las cookies afectar\u00e1 a la funcionalidad de este y muchos otros sitios web que visite. Deshabilitar las cookies puede dar lugar, a su vez, a deshabilitar ciertas funciones y caracter\u00edsticas de las p\u00e1ginas web.<\/p>\n<p><strong>Cookies utilizadas en nuestra p\u00e1gina web<br \/>\n<\/strong>Las cookies pueden ser programadas para recordar sus datos de usuario para futuras conexiones, es por ello que, cuando env\u00eda datos a trav\u00e9s de un formulario como los que utilizados en los apartados de contacto o en comentarios, los datos de usuario pueden quedar almacenados para ser utilizados m\u00e1s adelante.<\/p>\n<p>Con el fin de ofrecerle una gran experiencia de navegaci\u00f3n, nuestra p\u00e1gina le ofrecer\u00e1 la posibilidad de configurar sus preferencias de uso de la misma. Para recordar sus preferencias de uso necesitamos utilizar cookies, de modo que esta informaci\u00f3n pueda ser almacenada cada vez que el usuario interact\u00fae con la p\u00e1gina.<\/p>\n<p><strong>Cookies de terceros<br \/>\n<\/strong>En algunos casos especiales tambi\u00e9n utilizamos cookies proporcionado por terceros de confianza. En este apartado se detalla qu\u00e9 cookies de terceros pueden interactuar con nuestra p\u00e1gina web.<\/p>\n<p>Esta p\u00e1gina utiliza Google Analytics, una de los servicios m\u00e1s habituales de an\u00e1lisis y estad\u00edsticas en Internet que nos ayuda a entender el funcionamiento de la web y la forma en la que podemos mejorar su experiencia de navegaci\u00f3n. Estas cookies pueden realizar un seguimiento de elementos como el tiempo que transcurre navegando en la p\u00e1gina y las p\u00e1ginas que el usuario visita, para que podamos seguir incorporando un contenido que resulte interesante para el mismo.<\/p>\n<p><strong>Third Party Cookies<br \/>\n<\/strong>In some special cases we also use cookies provided by trusted third parties. The following section details which third party cookies you might encounter through this site.<\/p>\n<p>This site uses Google Analytics which is one of the most widespread and trusted analytics solution on the web for helping us to understand how you use the site and ways that we can improve your experience. These cookies may track things such as how long you spend on the site and the pages that you visit so we can continue to produce engaging content.<\/p>\n<p>Para obtener m\u00e1s informaci\u00f3n sobre las cookies de Google Analytics, consulte la p\u00e1gina oficial de Google Analytics.<\/p>\n<p><strong>C\u00f3mo administrar las cookies<br \/>\n<\/strong>Para restringir, bloquear o borrar las cookies de este sitio web, podr\u00e1 hacerlo, en cualquier momento, consultando m\u00e1s informaci\u00f3n en la p\u00e1gina web allaboutcookies.org. Tendr\u00e1 la posibilidad de eliminar todas las cookies instaladas en su equipo y podr\u00e1 configurar la mayor\u00eda de los navegadores de forma que no las acepten, si quiere impedir su instalaci\u00f3n. En caso de no aceptar las cookies, es posible que la p\u00e1gina web no funcione correctamente.[\/vc_column_text]<div class=\"gap clearfix\" style=\"height: 30px;\"><\/div>[\/vc_column][\/vc_row]<\/p>\n","protected":false},"excerpt":{"rendered":"<p>[vc_row css=\u00bb.vc_custom_1516291784413{margin-top: -250px !important;background-color: #ffffff !important;}\u00bb el_class=\u00bbbox_shadow_home\u00bb][vc_column][vc_column_text css_animation=\u00bbfadeIn\u00bb css=\u00bb.vc_custom_1538360104117{padding-right: 20px !important;padding-left: 20px !important;}\u00bb el_class=\u00bbfontsizepadrao\u00bb] POL\u00cdTICA DE PRIVACIDAD Para acceder a algunos de los servicios proporcionadas por LeggiTeam, el usuario podr\u00e1 recibir la solicitud de aportaci\u00f3n de informaci\u00f3n de car\u00e1cter personal. El tratamiento de tal informaci\u00f3n ser\u00e1 de car\u00e1cter arbitrario y el proceso de la misma se llevar\u00e1 a cabo respetando [&hellip;]<\/p>\n","protected":false},"author":8,"featured_media":0,"parent":0,"menu_order":0,"comment_status":"open","ping_status":"open","template":"","meta":{"footnotes":""},"class_list":["post-1996","page","type-page","status-publish","hentry"],"aioseo_notices":[],"_links":{"self":[{"href":"https:\/\/leggiteam.com\/es\/wp-json\/wp\/v2\/pages\/1996","targetHints":{"allow":["GET"]}}],"collection":[{"href":"https:\/\/leggiteam.com\/es\/wp-json\/wp\/v2\/pages"}],"about":[{"href":"https:\/\/leggiteam.com\/es\/wp-json\/wp\/v2\/types\/page"}],"author":[{"embeddable":true,"href":"https:\/\/leggiteam.com\/es\/wp-json\/wp\/v2\/users\/8"}],"replies":[{"embeddable":true,"href":"https:\/\/leggiteam.com\/es\/wp-json\/wp\/v2\/comments?post=1996"}],"version-history":[{"count":2,"href":"https:\/\/leggiteam.com\/es\/wp-json\/wp\/v2\/pages\/1996\/revisions"}],"predecessor-version":[{"id":1998,"href":"https:\/\/leggiteam.com\/es\/wp-json\/wp\/v2\/pages\/1996\/revisions\/1998"}],"wp:attachment":[{"href":"https:\/\/leggiteam.com\/es\/wp-json\/wp\/v2\/media?parent=1996"}],"curies":[{"name":"wp","href":"https:\/\/api.w.org\/{rel}","templated":true}]}}