{"id":1992,"date":"2018-07-31T15:40:17","date_gmt":"2018-07-31T18:40:17","guid":{"rendered":"http:\/\/leggiteam.com\/terms-and-conditions\/"},"modified":"2018-10-01T16:26:31","modified_gmt":"2018-10-01T15:26:31","slug":"terminos-y-condiciones","status":"publish","type":"page","link":"https:\/\/leggiteam.com\/es\/terminos-y-condiciones\/","title":{"rendered":"T\u00e9rminos y condiciones"},"content":{"rendered":"<p>[vc_row css=\u00bb.vc_custom_1516291784413{margin-top: -250px !important;background-color: #ffffff !important;}\u00bb el_class=\u00bbbox_shadow_home\u00bb][vc_column]<div class=\"gap clearfix\" style=\"height: 10px;\"><\/div>[vc_column_text css_animation=\u00bbfadeIn\u00bb css=\u00bb.vc_custom_1538359588731{padding-right: 20px !important;padding-left: 20px !important;}\u00bb el_class=\u00bbfontsizepadrao\u00bb]<\/p>\n<h1><strong>T\u00c9RMINOS Y CONDICIONES<\/strong><\/h1>\n<p><strong>leggiteam.com<\/strong> es una p\u00e1gina de informaci\u00f3n y promoci\u00f3n institucional de Leggiteam S.L.P..<\/p>\n<p>A trav\u00e9s de este Site pretendemos presentar informaciones generales sobre la Firma y asuntos relacionados con cuestiones jur\u00eddicas.<\/p>\n<p>LeggiTeam autoriza la utilizaci\u00f3n y reproducci\u00f3n de la informaci\u00f3n puesta a disposici\u00f3n en esta web, con la condici\u00f3n de que se menciones siempre y de forma expresa su autor\u00eda, en cualquier utilizaci\u00f3n posterior.<\/p>\n<p><strong>Contenidos<br \/>\n<\/strong>La informaci\u00f3n contenida en este sitio es de car\u00e1cter meramente informativo y no constituye asesoramiento jur\u00eddico. A pesar de que nos esforzamos por mantener esta informaci\u00f3n actualizada, no podemos garantizar el rigor y la agudeza de la misma.<\/p>\n<p>La informaci\u00f3n y aportaciones realizadas por los usuarios del Site son de la exclusiva responsabilidad de sus autores. Al ponerlas a disposici\u00f3n, los usuarios conceden autorizaci\u00f3n plena a LeggiTeam para utilizarlas en el contexto de este Site y dem\u00e1s canales de comunicaci\u00f3n.<\/p>\n<p><strong>LeggiTeam<\/strong> se reserva el derecho de no publicar o eliminar comentarios ofensivos o inapropiados.[\/vc_column_text]<div class=\"gap clearfix\" style=\"height: 30px;\"><\/div>[\/vc_column][\/vc_row]<\/p>\n","protected":false},"excerpt":{"rendered":"<p>[vc_row css=\u00bb.vc_custom_1516291784413{margin-top: -250px !important;background-color: #ffffff !important;}\u00bb el_class=\u00bbbox_shadow_home\u00bb][vc_column][vc_column_text css_animation=\u00bbfadeIn\u00bb css=\u00bb.vc_custom_1538359588731{padding-right: 20px !important;padding-left: 20px !important;}\u00bb el_class=\u00bbfontsizepadrao\u00bb] T\u00c9RMINOS Y CONDICIONES leggiteam.com es una p\u00e1gina de informaci\u00f3n y promoci\u00f3n institucional de Leggiteam S.L.P.. A trav\u00e9s de este Site pretendemos presentar informaciones generales sobre la Firma y asuntos relacionados con cuestiones jur\u00eddicas. LeggiTeam autoriza la utilizaci\u00f3n y reproducci\u00f3n de la informaci\u00f3n puesta a disposici\u00f3n en [&hellip;]<\/p>\n","protected":false},"author":8,"featured_media":0,"parent":0,"menu_order":0,"comment_status":"open","ping_status":"open","template":"","meta":{"footnotes":""},"class_list":["post-1992","page","type-page","status-publish","hentry"],"aioseo_notices":[],"_links":{"self":[{"href":"https:\/\/leggiteam.com\/es\/wp-json\/wp\/v2\/pages\/1992","targetHints":{"allow":["GET"]}}],"collection":[{"href":"https:\/\/leggiteam.com\/es\/wp-json\/wp\/v2\/pages"}],"about":[{"href":"https:\/\/leggiteam.com\/es\/wp-json\/wp\/v2\/types\/page"}],"author":[{"embeddable":true,"href":"https:\/\/leggiteam.com\/es\/wp-json\/wp\/v2\/users\/8"}],"replies":[{"embeddable":true,"href":"https:\/\/leggiteam.com\/es\/wp-json\/wp\/v2\/comments?post=1992"}],"version-history":[{"count":3,"href":"https:\/\/leggiteam.com\/es\/wp-json\/wp\/v2\/pages\/1992\/revisions"}],"predecessor-version":[{"id":1995,"href":"https:\/\/leggiteam.com\/es\/wp-json\/wp\/v2\/pages\/1992\/revisions\/1995"}],"wp:attachment":[{"href":"https:\/\/leggiteam.com\/es\/wp-json\/wp\/v2\/media?parent=1992"}],"curies":[{"name":"wp","href":"https:\/\/api.w.org\/{rel}","templated":true}]}}