{"id":1985,"date":"2018-01-19T18:56:51","date_gmt":"2018-01-19T20:56:51","guid":{"rendered":"http:\/\/leggiteam.com\/quem-somos\/"},"modified":"2020-05-21T19:12:28","modified_gmt":"2020-05-21T18:12:28","slug":"nosotros","status":"publish","type":"page","link":"https:\/\/leggiteam.com\/es\/nosotros\/","title":{"rendered":"Nosotros"},"content":{"rendered":"<p>[vc_row css=\u00bb.vc_custom_1537477157700{background-color: #ffffff !important;}\u00bb el_class=\u00bbbox_shadow_home\u00bb][vc_column]<div class=\"gap clearfix\" style=\"height: 10px;\"><\/div>[vc_column_text css_animation=\u00bbfadeIn\u00bb css=\u00bb.vc_custom_1590084745591{padding-right: 20px !important;padding-left: 20px !important;}\u00bb el_class=\u00bbfontsizepadrao\u00bb]<strong>LeggiTeam<\/strong> es el resultado de un proyecto pensado y desarrollado por sus socios fundadores, profesionales experimentados en el \u00e1rea del asesoramiento jur\u00eddico. Su profundo y vasto conocimiento, adquirido a lo largo de d\u00e9cadas asesorando a Clientes en diferentes sectores y mercados, permiti\u00f3 la creaci\u00f3n de un proyecto que r\u00e1pidamente atrajo a nuevos profesionales por el reconocimiento del valor del modelo de trabajo de <strong>LeggiTeam<\/strong> y llev\u00f3 a la expansi\u00f3n de la marca para nuevas oficinas y mercados.<\/p>\n<p><span style=\"color: #cc8809;\"><strong>Building Competences. Growing with excellence<\/strong><\/span>[\/vc_column_text][vc_row_inner css=\u00bb.vc_custom_1533057363171{padding-right: 20px !important;padding-left: 20px !important;}\u00bb][vc_column_inner]<div id=\"awsm-team-1283\" class=\"awsm-grid-wrapper\">\n<div class=\"awsm-modal\">\n\t\t\t<div class=\"awsm-grid grid-style style-3 grid-3-col \">\n\t\t\t\t\t\t<div id=\"awsm-member-1283-2009\" class=\"awsm-grid-card\">\n\t\t\t\t<a href=\"#\" id=\"tigger-style-1283-2009\" class=\"awsm-modal-trigger\" data-trigger=\"#modal-style-1283-2009\">\n\t\t\t\t   <figure>\n\t\t\t\t      <!-- <span class=\"awsm-grid-holder\"> -->\n\t\t\t\t         <img decoding=\"async\" src=\"https:\/\/leggiteam.com\/wp-content\/uploads\/2018\/07\/Francisco-Vispo.jpg\" alt=\"Francisco Vispo\">\n\t\t\t\t         <figcaption>\n\t\t\t\t            <div class=\"awsm-personal-info\">\n\t\t\t\t               <h3>Francisco Vispo<\/h3>\n\t\t\t\t               <span>Senior Partner<\/span>\t\t\t\t            <\/div> <!-- .awsm-personal-info -->\n\t\t\t\t            <div class=\"awsm-contact-info\">\n\t\t\t\t                <div class=\"awsm-social-icons\"><span><a href=\"https:\/\/www.linkedin.com\/in\/francisco-vispo\/\" target=\"_blank\"><i class=\"awsm-icon-linkedin\" aria-hidden=\"true\"><\/i><\/a><\/span><\/div>\t\t\t\t            <\/div> <!-- .awsm-contact-info -->\n\t\t\t\t         <\/figcaption>\n\t\t\t\t      <!-- <\/span> -->\n\t\t\t\t      <!-- .awsm-grid-holder -->\n\t\t\t\t   <\/figure>\n\t\t\t\t   <\/a>\n\t\t\t\t<\/div>\n\t\t\t\t\t\t\t<div id=\"awsm-member-1283-2005\" class=\"awsm-grid-card\">\n\t\t\t\t<a href=\"#\" id=\"tigger-style-1283-2005\" class=\"awsm-modal-trigger\" data-trigger=\"#modal-style-1283-2005\">\n\t\t\t\t   <figure>\n\t\t\t\t      <!-- <span class=\"awsm-grid-holder\"> -->\n\t\t\t\t         <img decoding=\"async\" src=\"https:\/\/leggiteam.com\/wp-content\/uploads\/2018\/07\/Joao-Carvalhinho_1-1.jpg\" alt=\"Jo\u00e3o Carvalhinho\">\n\t\t\t\t         <figcaption>\n\t\t\t\t            <div class=\"awsm-personal-info\">\n\t\t\t\t               <h3>Jo\u00e3o Carvalhinho<\/h3>\n\t\t\t\t               <span>Senior Partner<\/span>\t\t\t\t            <\/div> <!-- .awsm-personal-info -->\n\t\t\t\t            <div class=\"awsm-contact-info\">\n\t\t\t\t                <div class=\"awsm-social-icons\"><span><a href=\"https:\/\/www.linkedin.com\/in\/joaocarvalhinho\/\" target=\"_blank\"><i class=\"awsm-icon-linkedin\" aria-hidden=\"true\"><\/i><\/a><\/span><\/div>\t\t\t\t            <\/div> <!-- .awsm-contact-info -->\n\t\t\t\t         <\/figcaption>\n\t\t\t\t      <!-- <\/span> -->\n\t\t\t\t      <!-- .awsm-grid-holder -->\n\t\t\t\t   <\/figure>\n\t\t\t\t   <\/a>\n\t\t\t\t<\/div>\n\t\t\t\t\t<\/div><!-- .grid -->\n\t\t\t\t<div class=\"awsm-modal-items modal-style style-1 grid-4-col\">\n\t\t    <a href=\"#\" class=\"awsm-modal-close\"><\/a>\n\t\t    <div class=\"awsm-modal-items-main\">\n\t\t    \t<a href=\"#\" class=\"awsm-nav-item awsm-nav-left\"><\/a>\n\t\t    \t\t<div id=\"modal-style-1283-2009\" class=\"awsm-modal-item\">\n    <div id=\"awsm-member-info-1283-2009\" class=\"awsm-modal-content\">\n        <div class=\"awsm-modal-content-main\">\n            <div class=\"awsm-image-main\">\n                <img decoding=\"async\" src=\"https:\/\/leggiteam.com\/wp-content\/uploads\/2018\/07\/Francisco-Vispo.jpg\" alt=\"Francisco Vispo\" style=\"margin-bottom: 10px;\">\n\t\n\t\t\t\t    <h2>Francisco Vispo<\/h2><h3>Senior Partner<\/h3><div class=\"awsm-contact-details\"><p><a href=\"mailto:fvispo@leggiteam.com\">fvispo@leggiteam.com<\/a><\/p><p><span>Despacho:<\/span>MADRID, Espa\u00f1a<\/p><p><span>Publicaciones<\/span><\/p><\/div><div class=\"awsm-social-icons\"><span><a href=\"https:\/\/www.linkedin.com\/in\/francisco-vispo\/\" target=\"_blank\"><i class=\"awsm-icon-linkedin\" aria-hidden=\"true\"><\/i><\/a><\/span><\/div>            <\/div>\n            <!-- .image-main -->\n            <div class=\"awsm-modal-details\">\n                <div class=\"awsm-modal-content-inner\">\n                    <div class=\"grid_6 alpha\"><br \/>\n<strong>\u00c1reas de pr\u00e1ctica:<br \/>\n<\/strong><ul class=\"liststyle\"> <li><i class=\"icon-caret-right\"><\/i><p> Corporate <\/p><\/li> <li><i class=\"icon-caret-right\"><\/i><p> Fusiones &amp; Adquisiciones <\/p><\/li> <li><i class=\"icon-caret-right\"><\/i><p> Implantaci\u00f3n y Contrataci\u00f3n Internacional <\/p><\/li> <li><i class=\"icon-caret-right\"><\/i><p> Compliance <\/p><\/li> <li><i class=\"icon-caret-right\"><\/i><p> Reestructuraciones empresariales <\/p><\/li> <li><i class=\"icon-caret-right\"><\/i><p> Family Offices <\/p><\/li> <\/ul><\/div>\n<div class=\"grid_6 omega\"><br \/>\n<strong>Idiomas:<br \/>\n<\/strong><ul class=\"liststyle\"> <li><i class=\"icon-caret-right\"><\/i><p> Espa\u00f1ol <\/p><\/li> <li><i class=\"icon-caret-right\"><\/i><p> Ingl\u00e9s <\/p><\/li> <li><i class=\"icon-caret-right\"><\/i><p> Portugu\u00e9s <\/p><\/li> <\/ul><\/div>\n<div class=\"grid_12\"><br \/>\n<strong>Perfil:<br \/>\n<\/strong>Licenciado en Derecho, M\u00e1ster en Comercio Exterior y M\u00e1ster en Derecho Europeo, es miembro del \u00d3rgano de Direcci\u00f3n de LeggiTeam de la cual es socio fundador, responsable del \u00c1rea de <i>Compliance<\/i> y corresponsable del \u00c1rea de <i>Corporate<\/i>.<\/p>\n<p>Destreza en planificaci\u00f3n estrat\u00e9gica, ejecuci\u00f3n de proyectos de inversi\u00f3n e implantaci\u00f3n de empresas en el exterior, con amplia experiencia en Latam (en particular Brasil) y Portugal, as\u00ed como en Rusia, Emiratos \u00c1rabes y Marruecos.<\/p>\n<p>Es <i>General <\/i><i>Counsel<\/i>, miembro del \u00d3rgano de Administraci\u00f3n y Consultor estrat\u00e9gico de diversas Empresas, con pr\u00e1ctica en diversos sectores, con especial competencia en asesoramiento a la Alta Direcci\u00f3n, con una fuerte implicaci\u00f3n en las entidades que asesora.<\/p>\n<p>Administrador Concursal, Mediador Arbitral y <i>Compliance<\/i> <i>Officer<\/i> de diversas empresas espa\u00f1olas.<\/p>\n<p><strong>Principales sectores \/ industrias:<br \/>\n<\/strong>Energ\u00edas Renovables, Reciclaje, Naval, Aftermarket Automoci\u00f3n, Infraestructuras, Contract, Agro-alimentario e Inmobiliario<\/p>\n<p><strong>Asociaciones Profesionales<br \/>\n<\/strong>Colegio de Abogados de Madrid; Colegio de Abogados de Santiago de Compostela;<br \/>\nAsociaci\u00f3n Espa\u00f1ola de Peritos Judiciales y Mediadores Arbitrales (AEPJMA).<\/div>\n                <\/div><!-- .awsm-modal-content-inner -->\n            <\/div> <!-- .awsm-modal-details -->\n        <\/div> <!-- .awsm-modal-content-main -->\n    <\/div> <!-- .awsm-modal-content -->\n<\/div> <!-- .awsm-modal-item --><div id=\"modal-style-1283-2005\" class=\"awsm-modal-item\">\n    <div id=\"awsm-member-info-1283-2005\" class=\"awsm-modal-content\">\n        <div class=\"awsm-modal-content-main\">\n            <div class=\"awsm-image-main\">\n                <img decoding=\"async\" src=\"https:\/\/leggiteam.com\/wp-content\/uploads\/2018\/07\/Joao-Carvalhinho_1-1.jpg\" alt=\"Jo\u00e3o Carvalhinho\" style=\"margin-bottom: 10px;\">\n\t\n\t\t\t\t    <h2>Jo\u00e3o Carvalhinho<\/h2><h3>Senior Partner<\/h3><div class=\"awsm-contact-details\"><p><a href=\"mailto:jcarvalhinho@leggiteam.com\">jcarvalhinho@leggiteam.com<\/a><\/p><p><span>Despacho:<\/span>LISBOA, Portugal<\/p><p><span>Publicaciones<\/span><\/p><\/div><div class=\"awsm-social-icons\"><span><a href=\"https:\/\/www.linkedin.com\/in\/joaocarvalhinho\/\" target=\"_blank\"><i class=\"awsm-icon-linkedin\" aria-hidden=\"true\"><\/i><\/a><\/span><\/div>            <\/div>\n            <!-- .image-main -->\n            <div class=\"awsm-modal-details\">\n                <div class=\"awsm-modal-content-inner\">\n                    <div class=\"grid_6 alpha\"><br \/>\n<strong>\u00c1reas de pr\u00e1ctica:<br \/>\n<\/strong><ul class=\"liststyle\"> <li><i class=\"icon-caret-right\"><\/i><p> Corporate <\/p><\/li> <li><i class=\"icon-caret-right\"><\/i><p> Fusiones y Adquisiciones <\/p><\/li> <li><i class=\"icon-caret-right\"><\/i><p> Reestruturaci\u00f3n de Empresas <\/p><\/li> <li><i class=\"icon-caret-right\"><\/i><p> Tributario <\/p><\/li> <li><i class=\"icon-caret-right\"><\/i><p> Compliance <\/p><\/li> <li><i class=\"icon-caret-right\"><\/i><p> Family Offices <\/p><\/li> <\/ul><\/div>\n<div class=\"grid_6 omega\"><br \/>\n<strong>Idiomas:<br \/>\n<\/strong><ul class=\"liststyle\"> <li><i class=\"icon-caret-right\"><\/i><p> Portugu\u00e9s <\/p><\/li> <li><i class=\"icon-caret-right\"><\/i><p> Franc\u00e9s <\/p><\/li> <li><i class=\"icon-caret-right\"><\/i><p> Ingl\u00e9s <\/p><\/li> <li><i class=\"icon-caret-right\"><\/i><p> Espa\u00f1ol <\/p><\/li> <\/ul><\/div>\n<div class=\"grid_12\"><br \/>\n<strong>Perfil:<br \/>\n<\/strong>Socio fundador, miembro del \u00d3rgano de Direcci\u00f3n de LeggiTeam, responsable del \u00c1rea de Tributario y corresponsable del \u00c1rea de Corporate. Su amplia experiencia se basa especialmente en las \u00e1reas del Corporate e Inversi\u00f3n Extranjera, y en el asesoramiento de empresas e inversores locales y multinacionales.<\/p>\n<p>Consultor estrat\u00e9gico con insights genuinos adquiridos en m\u00faltiples sectores y mercados, asocia el profundo conocimiento de los procesos de gesti\u00f3n a un compromisso intenso con las entidades que asesora, evidenciando especiales competencias en el apoyo a la decisi\u00f3n de las estructuras de alta direcci\u00f3n, liderazgo de equipos multifuncionales, desarrollo organizacional, compliance, concepci\u00f3n y montaje de operaciones.<\/p>\n<p>Como consultor, act\u00faa con permanente foco en el Cliente y en el conocimiento de sus negocios espec\u00edficos. Esta caracter\u00edstica lleva a que nuevos inversores, no s\u00f3lo corporativos, soliciten su participaci\u00f3n en transacciones internacionales y proyectos de reorganizaci\u00f3n de patrimonios.<\/p>\n<p>Tambi\u00e9n integra la lista de \u00e1rbitros del Centro de Arbitraje de la C\u00e1mara de Comercio e Industria Luso-Espa\u00f1ola, es Data Protection Officer y miembro de los \u00f3rganos sociales de diversas entidades.<\/p>\n<p><strong>Principales sectores \/ industrias:<br \/>\n<\/strong>Publishing, Industrias Transformadoras, Media, Innovaci\u00f3n y Tecnolog\u00eda, Inmobiliario, Turismo, Servicios Financieros.<\/p>\n<p><strong>Asociaciones Profesionales<br \/>\n<\/strong>Uni\u00f3n Internacional de Abogados (UIA), C\u00e1mara de Comercio e Industria Luso-Espa\u00f1ola (CCILE), Asociaci\u00f3n de las Firmas de Abogados de Portugal (ASAP)<\/div>\n                <\/div><!-- .awsm-modal-content-inner -->\n            <\/div> <!-- .awsm-modal-details -->\n        <\/div> <!-- .awsm-modal-content-main -->\n    <\/div> <!-- .awsm-modal-content -->\n<\/div> <!-- .awsm-modal-item -->\t\n\t\t    \t<a href=\"#\" class=\"awsm-nav-item awsm-nav-right\"><\/a>\n\t\t   \t<\/div><!-- .awsm-modal-items-main -->\n\t\t<\/div><!-- .awsm-modal-items -->\n\t\t<\/div>\n<\/div>[\/vc_column_inner][\/vc_row_inner]<div class=\"gap clearfix\" style=\"height: 30px;\"><\/div>[\/vc_column][\/vc_row][vc_row][vc_column][vc_raw_js]JTNDc2NyaXB0JTIwdHlwZSUzRCUyMnRleHQlMkZqYXZhc2NyaXB0JTIyJTNFJTIwJTBBZnVuY3Rpb24lMjByZW1vdmVyQWNlbnRvcyUyOHMlMjklMjAlN0IlMEElMjAlMjByZXR1cm4lMjBzLm5vcm1hbGl6ZSUyOCUyN05GRCUyNyUyOS5yZXBsYWNlJTI4JTJGJTVCJTVDdTAzMDAtJTVDdTAzNmYlNUQlMkZnJTJDJTIwJTIyJTIyJTI5JTBBJTdEJTBBd2luZG93Lm9ubG9hZCUyMCUzRCUyMGZ1bmN0aW9uJTI4ZSUyOSU3QiUyMCUwQXZhciUyMGlucHV0cyUyMCUzRCUyMGRvY3VtZW50LnF1ZXJ5U2VsZWN0b3JBbGwlMjglMjJmaWdjYXB0aW9uJTIwJTNFJTIwYSUyMCUzRSUyMGRpdiUyMCUzRSUyMGgzJTIyJTI5JTNCJTBBdmFyJTIwaW5wdXRzX2xrcyUyMCUzRCUyMGRvY3VtZW50LnF1ZXJ5U2VsZWN0b3JBbGwlMjglMjIuYXdzbS1ncmlkLWNhcmQlMjIlMjklM0IlMEFmb3IlMjAlMjhpJTIwJTNEJTIwMCUzQiUyMGklMjAlM0MlMjBpbnB1dHMubGVuZ3RoJTNCJTIwaSUyQiUyQiUyOSUyMCU3QiUwQSUyMCUyMGlucHV0c19sa3MlNUJpJTVELmFkZEV2ZW50TGlzdGVuZXIlMjglMjdjbGljayUyNyUyQyUyMGZ1bmN0aW9uJTI4aSUyOSUyMCU3QiUwQSUwOXZhciUyMG5ld3RpdGxlJTIwJTNEJTIwaW5wdXRzJTVCaSU1RC50ZXh0Q29udGVudCUzQiUwQSUwOXZhciUyMGRvY3RpdGxlJTIwJTNEJTIwZG9jdW1lbnQudGl0bGUucmVwbGFjZSUyOG5ld3RpdGxlJTJDJTIyJTIyJTI5JTNCJTBBJTIwJTIwJTIwJTIwZG9jdW1lbnQudGl0bGUlMjAlM0QlMjBuZXd0aXRsZSUyQiUyNyUyMC0lMjAlMjclMkJkb2N0aXRsZSUzQiUwQSUwOXZhciUyMHNpdHVybCUyMCUzRCUyMHdpbmRvdy5sb2NhdGlvbi5ocmVmJTNCJTBBJTA5dmFyJTIwaGFzaCUyMCUzRCUyMHdpbmRvdy5sb2NhdGlvbi5oYXNoJTNCJTBBJTA5c2l0dXJsJTIwJTNEJTIwc2l0dXJsLnJlcGxhY2UlMjh3aW5kb3cubG9jYXRpb24uaGFzaCUyQyUyMCUyMiUyMiUyOSUzQiUyMCUyRiUyRnRpcmElMjBhcyUyMGhhc3QlMjBhbnRpZ2FzJTBBJTA5JTBBJTA5c2l0dXJsJTIwJTNEJTIwc2l0dXJsJTJCJTIyJTIzJTIyJTJCcmVtb3ZlckFjZW50b3MlMjhuZXd0aXRsZSUyOS5yZXBsYWNlJTI4JTJGJTVDcyUyRmclMkMlMjAlMjclMjclMjkudG9Mb3dlckNhc2UlMjglMjklM0IlMEElMDklMEElMDl3aW5kb3cuaGlzdG9yeS5yZXBsYWNlU3RhdGUlMjglMjdxdWVtc29tb3MlMjclMkMlMjBuZXd0aXRsZSUyQyUyMHNpdHVybCUyOSUzQiUwOSUwQSUwOXdpbmRvdy5oaXN0b3J5LnB1c2hTdGF0ZSUyOCUyMnF1ZW1zb21vcyUyMiUyQyUyMG5ld3RpdGxlJTJDJTIwc2l0dXJsJTI5JTNCJTBBJTA5cmV0dXJuJTIwZmFsc2UlM0IlMEElMjAlMjAlN0QuYmluZCUyOHRoaXMlMkMlMjBpJTI5JTI5JTNCJTBBJTIwJTIwJTBBJTIwJTIwJTBBJTJGJTJGYWJyZSUyMG8lMjBwZXJmaWwlMjBkZSUyMGFjb3JkbyUyMGNvbSUyMGElMjBVUkwlMEF2YXIlMjBoYXNoX3VybCUyMCUzRCUyMHdpbmRvdy5sb2NhdGlvbi5oYXNoLnJlcGxhY2UlMjglMjIlMjMlMjIlMkMlMjAlMjIlMjIlMjklM0IlMEF2YXIlMjB0ZXh0aDMlMjAlM0QlMjByZW1vdmVyQWNlbnRvcyUyOGlucHV0cyU1QmklNUQudGV4dENvbnRlbnQlMjkucmVwbGFjZSUyOCUyRiU1Q3MlMkZnJTJDJTIwJTI3JTI3JTI5LnRvTG93ZXJDYXNlJTI4JTI5JTNCJTIwJTBBdmFyJTIwZG9jdGl0bGUlMjAlM0QlMjBkb2N1bWVudC50aXRsZSUzQiUwQWlmJTI4aGFzaF91cmwlMjAlM0QlM0QlMjB0ZXh0aDMlMjklN0IlMEElMEFpbnB1dHMlNUJpJTVELmNsaWNrJTI4JTI5JTNCJTBBJTBBdmFyJTIwbmV3dGl0bGUlMjAlM0QlMjBpbnB1dHMlNUJpJTVELnRleHRDb250ZW50JTNCJTBBZG9jdW1lbnQudGl0bGUlMjAlM0QlMjBuZXd0aXRsZSUyQiUyNyUyMC0lMjAlMjclMkJkb2N0aXRsZSUzQiUwQSU3RCUwQSUyMCUyMCUwQSU3RCUwQSU3RCUzQiUwQSUyMCUzQyUyRnNjcmlwdCUzRQ==[\/vc_raw_js][\/vc_column][\/vc_row]<\/p>\n","protected":false},"excerpt":{"rendered":"<p>[vc_row css=\u00bb.vc_custom_1537477157700{background-color: #ffffff !important;}\u00bb el_class=\u00bbbox_shadow_home\u00bb][vc_column][vc_column_text css_animation=\u00bbfadeIn\u00bb css=\u00bb.vc_custom_1590084745591{padding-right: 20px !important;padding-left: 20px !important;}\u00bb el_class=\u00bbfontsizepadrao\u00bb]LeggiTeam es el resultado de un proyecto pensado y desarrollado por sus socios fundadores, profesionales experimentados en el \u00e1rea del asesoramiento jur\u00eddico. Su profundo y vasto conocimiento, adquirido a lo largo de d\u00e9cadas asesorando a Clientes en diferentes sectores y mercados, permiti\u00f3 la creaci\u00f3n de un proyecto que r\u00e1pidamente [&hellip;]<\/p>\n","protected":false},"author":8,"featured_media":0,"parent":0,"menu_order":0,"comment_status":"closed","ping_status":"closed","template":"","meta":{"footnotes":""},"class_list":["post-1985","page","type-page","status-publish","hentry"],"aioseo_notices":[],"_links":{"self":[{"href":"https:\/\/leggiteam.com\/es\/wp-json\/wp\/v2\/pages\/1985","targetHints":{"allow":["GET"]}}],"collection":[{"href":"https:\/\/leggiteam.com\/es\/wp-json\/wp\/v2\/pages"}],"about":[{"href":"https:\/\/leggiteam.com\/es\/wp-json\/wp\/v2\/types\/page"}],"author":[{"embeddable":true,"href":"https:\/\/leggiteam.com\/es\/wp-json\/wp\/v2\/users\/8"}],"replies":[{"embeddable":true,"href":"https:\/\/leggiteam.com\/es\/wp-json\/wp\/v2\/comments?post=1985"}],"version-history":[{"count":7,"href":"https:\/\/leggiteam.com\/es\/wp-json\/wp\/v2\/pages\/1985\/revisions"}],"predecessor-version":[{"id":3734,"href":"https:\/\/leggiteam.com\/es\/wp-json\/wp\/v2\/pages\/1985\/revisions\/3734"}],"wp:attachment":[{"href":"https:\/\/leggiteam.com\/es\/wp-json\/wp\/v2\/media?parent=1985"}],"curies":[{"name":"wp","href":"https:\/\/api.w.org\/{rel}","templated":true}]}}